{"id":2504,"date":"2020-02-14T13:07:00","date_gmt":"2020-02-14T13:07:00","guid":{"rendered":"https:\/\/demo09.houzez.co\/?page_id=2504"},"modified":"2023-12-11T00:01:21","modified_gmt":"2023-12-11T00:01:21","slug":"with-content-bottom","status":"publish","type":"page","link":"https:\/\/dreaming-places.fr\/de\/mit-inhaltsboden\/","title":{"rendered":"With Content Bottom"},"content":{"rendered":"<div data-elementor-type=\"wp-page\" data-elementor-id=\"2504\" class=\"elementor elementor-2504\">\n\t\t\t\t\t\t\t\t\t<section class=\"elementor-section elementor-top-section elementor-element elementor-element-fabe726 elementor-section-boxed elementor-section-height-default elementor-section-height-default\" data-id=\"fabe726\" data-element_type=\"section\">\n\t\t\t\t\t\t<div class=\"elementor-container elementor-column-gap-default\">\n\t\t\t\t\t<div class=\"elementor-column elementor-col-100 elementor-top-column elementor-element elementor-element-5bdd3623\" data-id=\"5bdd3623\" data-element_type=\"column\">\n\t\t\t<div class=\"elementor-widget-wrap elementor-element-populated\">\n\t\t\t\t\t\t\t\t<div class=\"elementor-element elementor-element-2bd800ec elementor-widget elementor-widget-text-editor\" data-id=\"2bd800ec\" data-element_type=\"widget\" data-widget_type=\"text-editor.default\">\n\t\t\t\t<div class=\"elementor-widget-container\">\n\t\t\t\t\t\t\t<!-- wp:paragraph -->\n<p>Quisque purus metus, feugiat faucibus faucibus ut, vestibulum vitae mi. Praesent tortor nulla, fringilla ut efficitur quis, rutrum eget lectus. Fusce nec dui nec neque volutpat egestas. Maecenas vitae diam ac tellus aliquet volutpat eget vitae nisl. Donec ut metus in nulla convallis porta. Sed in odio orci. Nam rutrum ipsum elit, id facilisis nisi rutrum quis.<\/p>\n<!-- \/wp:paragraph -->\n\n<!-- wp:paragraph -->\n<p>Lorem ipsum dolor sit amet, consectetur adipiscing elit. Nunc pretium, lorem in eleifend molestie, mauris tortor rutrum quam, sed gravida justo ligula non eros. Sed rutrum nisi vitae eros ultrices, vitae rutrum mi semper.<\/p>\n<!-- \/wp:paragraph -->\n\n<!-- wp:paragraph -->\n<p> <\/p>\n<!-- \/wp:paragraph -->\t\t\t\t\t\t<\/div>\n\t\t\t\t<\/div>\n\t\t\t\t\t<\/div>\n\t\t<\/div>\n\t\t\t\t\t\t\t<\/div>\n\t\t<\/section>\n\t\t\t\t\t\t\t<\/div>","protected":false},"excerpt":{"rendered":"<p>Quisque purus metus, feugiat faucibus faucibus ut, vestibulum vitae mi. Praesent tortor nulla, fringilla ut efficitur quis, rutrum eget lectus. Fusce nec dui nec neque volutpat egestas. Maecenas vitae diam ac tellus aliquet volutpat eget vitae nisl. Donec ut metus in nulla convallis porta. Sed in odio orci. Nam rutrum ipsum elit, id facilisis nisi [...].<\/p>","protected":false},"author":1,"featured_media":0,"parent":0,"menu_order":0,"comment_status":"closed","ping_status":"closed","template":"template\/template-listing-grid-v6-fullwidth-3cols.php","meta":{"footnotes":""},"folder":[],"yoast_head":"<!-- This site is optimized with the Yoast SEO plugin v21.6 - https:\/\/yoast.com\/wordpress\/plugins\/seo\/ -->\n<title>With Content Bottom - Dreaming Places<\/title>\n<meta name=\"robots\" content=\"index, follow, max-snippet:-1, max-image-preview:large, max-video-preview:-1\" \/>\n<link rel=\"canonical\" href=\"https:\/\/dreaming-places.fr\/de\/mit-inhaltsboden\/\" \/>\n<meta property=\"og:locale\" content=\"de_DE\" \/>\n<meta property=\"og:type\" content=\"article\" \/>\n<meta property=\"og:title\" content=\"With Content Bottom - Dreaming Places\" \/>\n<meta property=\"og:description\" content=\"Quisque purus metus, feugiat faucibus faucibus ut, vestibulum vitae mi. Praesent tortor nulla, fringilla ut efficitur quis, rutrum eget lectus. Fusce nec dui nec neque volutpat egestas. Maecenas vitae diam ac tellus aliquet volutpat eget vitae nisl. Donec ut metus in nulla convallis porta. Sed in odio orci. Nam rutrum ipsum elit, id facilisis nisi [&hellip;]\" \/>\n<meta property=\"og:url\" content=\"https:\/\/dreaming-places.fr\/de\/mit-inhaltsboden\/\" \/>\n<meta property=\"og:site_name\" content=\"Dreaming Places\" \/>\n<meta property=\"article:publisher\" content=\"https:\/\/www.facebook.com\/people\/Dreaming-Places\/100007864324742\" \/>\n<meta property=\"article:modified_time\" content=\"2023-12-11T00:01:21+00:00\" \/>\n<meta property=\"og:image\" content=\"https:\/\/dreaming-places.fr\/app\/uploads\/2023\/10\/LogoDP.png\" \/>\n\t<meta property=\"og:image:width\" content=\"330\" \/>\n\t<meta property=\"og:image:height\" content=\"96\" \/>\n\t<meta property=\"og:image:type\" content=\"image\/png\" \/>\n<meta name=\"twitter:card\" content=\"summary_large_image\" \/>\n<script type=\"application\/ld+json\" class=\"yoast-schema-graph\">{\"@context\":\"https:\/\/schema.org\",\"@graph\":[{\"@type\":\"WebPage\",\"@id\":\"https:\/\/dreaming-places.fr\/with-content-bottom\/\",\"url\":\"https:\/\/dreaming-places.fr\/with-content-bottom\/\",\"name\":\"With Content Bottom - Dreaming Places\",\"isPartOf\":{\"@id\":\"https:\/\/dreaming-places.fr\/#website\"},\"datePublished\":\"2020-02-14T13:07:00+00:00\",\"dateModified\":\"2023-12-11T00:01:21+00:00\",\"breadcrumb\":{\"@id\":\"https:\/\/dreaming-places.fr\/with-content-bottom\/#breadcrumb\"},\"inLanguage\":\"de-DE\",\"potentialAction\":[{\"@type\":\"ReadAction\",\"target\":[\"https:\/\/dreaming-places.fr\/with-content-bottom\/\"]}]},{\"@type\":\"BreadcrumbList\",\"@id\":\"https:\/\/dreaming-places.fr\/with-content-bottom\/#breadcrumb\",\"itemListElement\":[{\"@type\":\"ListItem\",\"position\":1,\"name\":\"Home\",\"item\":\"https:\/\/dreaming-places.fr\/\"},{\"@type\":\"ListItem\",\"position\":2,\"name\":\"With Content Bottom\"}]},{\"@type\":\"WebSite\",\"@id\":\"https:\/\/dreaming-places.fr\/#website\",\"url\":\"https:\/\/dreaming-places.fr\/\",\"name\":\"Dreaming Places\",\"description\":\"Dreaming places vous permet de passer des vacances de r\u00eave, gr\u00e2ce \u00e0 la location de somptueuses villas de luxe de particuliers.\",\"publisher\":{\"@id\":\"https:\/\/dreaming-places.fr\/#organization\"},\"potentialAction\":[{\"@type\":\"SearchAction\",\"target\":{\"@type\":\"EntryPoint\",\"urlTemplate\":\"https:\/\/dreaming-places.fr\/?s={search_term_string}\"},\"query-input\":\"required name=search_term_string\"}],\"inLanguage\":\"de-DE\"},{\"@type\":\"Organization\",\"@id\":\"https:\/\/dreaming-places.fr\/#organization\",\"name\":\"Dreaming Places\",\"url\":\"https:\/\/dreaming-places.fr\/\",\"logo\":{\"@type\":\"ImageObject\",\"inLanguage\":\"de-DE\",\"@id\":\"https:\/\/dreaming-places.fr\/#\/schema\/logo\/image\/\",\"url\":\"https:\/\/dreaming-places.fr\/app\/uploads\/2023\/11\/favicondp.png\",\"contentUrl\":\"https:\/\/dreaming-places.fr\/app\/uploads\/2023\/11\/favicondp.png\",\"width\":300,\"height\":300,\"caption\":\"Dreaming Places\"},\"image\":{\"@id\":\"https:\/\/dreaming-places.fr\/#\/schema\/logo\/image\/\"},\"sameAs\":[\"https:\/\/www.facebook.com\/people\/Dreaming-Places\/100007864324742\",\"https:\/\/www.youtube.com\/channel\/UCYA9FYTaM5IBNC8PX1IaJJQ#\"]}]}<\/script>\n<!-- \/ Yoast SEO plugin. -->","yoast_head_json":{"title":"With Content Bottom - Dreaming Places","robots":{"index":"index","follow":"follow","max-snippet":"max-snippet:-1","max-image-preview":"max-image-preview:large","max-video-preview":"max-video-preview:-1"},"canonical":"https:\/\/dreaming-places.fr\/de\/mit-inhaltsboden\/","og_locale":"de_DE","og_type":"article","og_title":"With Content Bottom - Dreaming Places","og_description":"Quisque purus metus, feugiat faucibus faucibus ut, vestibulum vitae mi. Praesent tortor nulla, fringilla ut efficitur quis, rutrum eget lectus. Fusce nec dui nec neque volutpat egestas. Maecenas vitae diam ac tellus aliquet volutpat eget vitae nisl. Donec ut metus in nulla convallis porta. Sed in odio orci. Nam rutrum ipsum elit, id facilisis nisi [&hellip;]","og_url":"https:\/\/dreaming-places.fr\/de\/mit-inhaltsboden\/","og_site_name":"Dreaming Places","article_publisher":"https:\/\/www.facebook.com\/people\/Dreaming-Places\/100007864324742","article_modified_time":"2023-12-11T00:01:21+00:00","og_image":[{"width":330,"height":96,"url":"https:\/\/dreaming-places.fr\/app\/uploads\/2023\/10\/LogoDP.png","type":"image\/png"}],"twitter_card":"summary_large_image","schema":{"@context":"https:\/\/schema.org","@graph":[{"@type":"WebPage","@id":"https:\/\/dreaming-places.fr\/with-content-bottom\/","url":"https:\/\/dreaming-places.fr\/with-content-bottom\/","name":"With Content Bottom - Dreaming Places","isPartOf":{"@id":"https:\/\/dreaming-places.fr\/#website"},"datePublished":"2020-02-14T13:07:00+00:00","dateModified":"2023-12-11T00:01:21+00:00","breadcrumb":{"@id":"https:\/\/dreaming-places.fr\/with-content-bottom\/#breadcrumb"},"inLanguage":"de-DE","potentialAction":[{"@type":"ReadAction","target":["https:\/\/dreaming-places.fr\/with-content-bottom\/"]}]},{"@type":"BreadcrumbList","@id":"https:\/\/dreaming-places.fr\/with-content-bottom\/#breadcrumb","itemListElement":[{"@type":"ListItem","position":1,"name":"Home","item":"https:\/\/dreaming-places.fr\/"},{"@type":"ListItem","position":2,"name":"With Content Bottom"}]},{"@type":"WebSite","@id":"https:\/\/dreaming-places.fr\/#website","url":"https:\/\/dreaming-places.fr\/","name":"Dreaming Places","description":"Dreaming places vous permet de passer des vacances de r\u00eave, gr\u00e2ce \u00e0 la location de somptueuses villas de luxe de particuliers.","publisher":{"@id":"https:\/\/dreaming-places.fr\/#organization"},"potentialAction":[{"@type":"SearchAction","target":{"@type":"EntryPoint","urlTemplate":"https:\/\/dreaming-places.fr\/?s={search_term_string}"},"query-input":"required name=search_term_string"}],"inLanguage":"de-DE"},{"@type":"Organization","@id":"https:\/\/dreaming-places.fr\/#organization","name":"Dreaming Places","url":"https:\/\/dreaming-places.fr\/","logo":{"@type":"ImageObject","inLanguage":"de-DE","@id":"https:\/\/dreaming-places.fr\/#\/schema\/logo\/image\/","url":"https:\/\/dreaming-places.fr\/app\/uploads\/2023\/11\/favicondp.png","contentUrl":"https:\/\/dreaming-places.fr\/app\/uploads\/2023\/11\/favicondp.png","width":300,"height":300,"caption":"Dreaming Places"},"image":{"@id":"https:\/\/dreaming-places.fr\/#\/schema\/logo\/image\/"},"sameAs":["https:\/\/www.facebook.com\/people\/Dreaming-Places\/100007864324742","https:\/\/www.youtube.com\/channel\/UCYA9FYTaM5IBNC8PX1IaJJQ#"]}]}},"_links":{"self":[{"href":"https:\/\/dreaming-places.fr\/de\/wp-json\/wp\/v2\/pages\/2504"}],"collection":[{"href":"https:\/\/dreaming-places.fr\/de\/wp-json\/wp\/v2\/pages"}],"about":[{"href":"https:\/\/dreaming-places.fr\/de\/wp-json\/wp\/v2\/types\/page"}],"author":[{"embeddable":true,"href":"https:\/\/dreaming-places.fr\/de\/wp-json\/wp\/v2\/users\/1"}],"replies":[{"embeddable":true,"href":"https:\/\/dreaming-places.fr\/de\/wp-json\/wp\/v2\/comments?post=2504"}],"version-history":[{"count":1,"href":"https:\/\/dreaming-places.fr\/de\/wp-json\/wp\/v2\/pages\/2504\/revisions"}],"predecessor-version":[{"id":3820,"href":"https:\/\/dreaming-places.fr\/de\/wp-json\/wp\/v2\/pages\/2504\/revisions\/3820"}],"wp:attachment":[{"href":"https:\/\/dreaming-places.fr\/de\/wp-json\/wp\/v2\/media?parent=2504"}],"wp:term":[{"taxonomy":"folder","embeddable":true,"href":"https:\/\/dreaming-places.fr\/de\/wp-json\/wp\/v2\/folder?post=2504"}],"curies":[{"name":"wp","href":"https:\/\/api.w.org\/{rel}","templated":true}]}}