{"id":3780,"date":"2023-12-07T20:41:24","date_gmt":"2023-12-07T20:41:24","guid":{"rendered":"https:\/\/dreaming-places.arthur-guilet.fr\/?page_id=3780"},"modified":"2024-01-24T11:07:39","modified_gmt":"2024-01-24T11:07:39","slug":"mentions-legales","status":"publish","type":"page","link":"https:\/\/dreaming-places.fr\/de\/rechtliche-hinweise\/","title":{"rendered":"Rechtliche Hinweise"},"content":{"rendered":"<div data-elementor-type=\"wp-page\" data-elementor-id=\"3780\" class=\"elementor elementor-3780\">\n\t\t\t\t\t\t\t<div class=\"elementor-element elementor-element-cbc78df e-flex e-con-boxed e-con e-parent\" data-id=\"cbc78df\" data-element_type=\"container\" data-settings=\"{&quot;content_width&quot;:&quot;boxed&quot;}\" data-core-v316-plus=\"true\">\n\t\t\t\t\t<div class=\"e-con-inner\">\n\t\t<div class=\"elementor-element elementor-element-69d3c04 e-flex e-con-boxed e-con e-child\" data-id=\"69d3c04\" data-element_type=\"container\" data-settings=\"{&quot;content_width&quot;:&quot;boxed&quot;}\">\n\t\t\t\t\t<div class=\"e-con-inner\">\n\t\t\t\t<div class=\"elementor-element elementor-element-ff50446 elementor-widget elementor-widget-heading\" data-id=\"ff50446\" data-element_type=\"widget\" data-widget_type=\"heading.default\">\n\t\t\t\t<div class=\"elementor-widget-container\">\n\t\t\t<h2 class=\"elementor-heading-title elementor-size-default\">Identit\u00e4t des Unternehmens<\/h2>\t\t<\/div>\n\t\t\t\t<\/div>\n\t\t\t\t<div class=\"elementor-element elementor-element-87e1733 elementor-widget elementor-widget-text-editor\" data-id=\"87e1733\" data-element_type=\"widget\" data-widget_type=\"text-editor.default\">\n\t\t\t\t<div class=\"elementor-widget-container\">\n\t\t\t\t\t\t\t<p>Die Einheit Dreaming Places, SARL mit einem Kapital von 10.000 Euro mit Sitz in 10 impasse des Dunes, 29680 Roscoff.<\/p><p>Siret n\u00b0 750 144 727 00021 Intracom-MwSt. n\u00b0 FR 49 750 144 727<\/p><p>Kontakt:<\/p><ul><li><span id=\"cloakfaa15b74c7fb9e5c55a4ea2aa87188ac\"><a href=\"mailto:contact@dreaming-places.fr\">contact@dreaming-places.fr<\/a><\/span><\/li><li>+33 (0)6 79 94 81 38<\/li><\/ul><p>Inhaber der Carte Professionnelle CPI 2902 2018 000 025 098, ausgestellt von der CCI Bretagne Ouest. Die Verwaltungsgarantie f\u00fcr einen Betrag von 268.000 Euro und die Transaktionsgarantie f\u00fcr einen Betrag von 110.000 Euro werden von La Compagnie Europ\u00e9enne de Garanties et Cautions versichert.<\/p>\t\t\t\t\t\t<\/div>\n\t\t\t\t<\/div>\n\t\t\t\t\t<\/div>\n\t\t\t\t<\/div>\n\t\t\t\t\t<\/div>\n\t\t\t\t<\/div>\n\t\t<div class=\"elementor-element elementor-element-f2c3976 e-flex e-con-boxed e-con e-parent\" data-id=\"f2c3976\" data-element_type=\"container\" data-settings=\"{&quot;content_width&quot;:&quot;boxed&quot;}\" data-core-v316-plus=\"true\">\n\t\t\t\t\t<div class=\"e-con-inner\">\n\t\t<div class=\"elementor-element elementor-element-7d67a7f e-flex e-con-boxed e-con e-child\" data-id=\"7d67a7f\" data-element_type=\"container\" data-settings=\"{&quot;content_width&quot;:&quot;boxed&quot;}\">\n\t\t\t\t\t<div class=\"e-con-inner\">\n\t\t\t\t<div class=\"elementor-element elementor-element-ccf685e elementor-widget elementor-widget-heading\" data-id=\"ccf685e\" data-element_type=\"widget\" data-widget_type=\"heading.default\">\n\t\t\t\t<div class=\"elementor-widget-container\">\n\t\t\t<h2 class=\"elementor-heading-title elementor-size-default\">Pole Verkauf<\/h2>\t\t<\/div>\n\t\t\t\t<\/div>\n\t\t\t\t<div class=\"elementor-element elementor-element-4d448f1 elementor-widget elementor-widget-text-editor\" data-id=\"4d448f1\" data-element_type=\"widget\" data-widget_type=\"text-editor.default\">\n\t\t\t\t<div class=\"elementor-widget-container\">\n\t\t\t\t\t\t\t<p>F\u00fcr den Verkaufsteil betragen die Vermittlungsgeb\u00fchren 4% des Nettoverkaufspreises und sind vom K\u00e4ufer zu tragen.<\/p><p>Dreaming Places verpflichtet sich, pers\u00f6nliche Informationen nicht f\u00fcr andere Zwecke als den internen Gebrauch zu verbreiten.<\/p>\t\t\t\t\t\t<\/div>\n\t\t\t\t<\/div>\n\t\t\t\t\t<\/div>\n\t\t\t\t<\/div>\n\t\t\t\t\t<\/div>\n\t\t\t\t<\/div>\n\t\t<div class=\"elementor-element elementor-element-6bdd44c e-flex e-con-boxed e-con e-parent\" data-id=\"6bdd44c\" data-element_type=\"container\" data-settings=\"{&quot;content_width&quot;:&quot;boxed&quot;}\" data-core-v316-plus=\"true\">\n\t\t\t\t\t<div class=\"e-con-inner\">\n\t\t<div class=\"elementor-element elementor-element-fd6954b e-flex e-con-boxed e-con e-child\" data-id=\"fd6954b\" data-element_type=\"container\" data-settings=\"{&quot;content_width&quot;:&quot;boxed&quot;}\">\n\t\t\t\t\t<div class=\"e-con-inner\">\n\t\t\t\t<div class=\"elementor-element elementor-element-3799950 elementor-widget elementor-widget-heading\" data-id=\"3799950\" data-element_type=\"widget\" data-widget_type=\"heading.default\">\n\t\t\t\t<div class=\"elementor-widget-container\">\n\t\t\t<h2 class=\"elementor-heading-title elementor-size-default\">Bearbeitung und Erstellung der Website<\/h2>\t\t<\/div>\n\t\t\t\t<\/div>\n\t\t\t\t<div class=\"elementor-element elementor-element-659894f elementor-widget elementor-widget-text-editor\" data-id=\"659894f\" data-element_type=\"widget\" data-widget_type=\"text-editor.default\">\n\t\t\t\t<div class=\"elementor-widget-container\">\n\t\t\t\t\t\t\t<p>Erstellung, Redaktion und Bearbeitung durch Dreaming Places und Arthur Guilet (EI) in seiner Funktion als Webmaster.<\/p>\t\t\t\t\t\t<\/div>\n\t\t\t\t<\/div>\n\t\t\t\t\t<\/div>\n\t\t\t\t<\/div>\n\t\t\t\t\t<\/div>\n\t\t\t\t<\/div>\n\t\t<div class=\"elementor-element elementor-element-0a5527b e-flex e-con-boxed e-con e-parent\" data-id=\"0a5527b\" data-element_type=\"container\" data-settings=\"{&quot;content_width&quot;:&quot;boxed&quot;}\" data-core-v316-plus=\"true\">\n\t\t\t\t\t<div class=\"e-con-inner\">\n\t\t<div class=\"elementor-element elementor-element-4173298 e-flex e-con-boxed e-con e-child\" data-id=\"4173298\" data-element_type=\"container\" data-settings=\"{&quot;content_width&quot;:&quot;boxed&quot;}\">\n\t\t\t\t\t<div class=\"e-con-inner\">\n\t\t\t\t<div class=\"elementor-element elementor-element-cd4d162 elementor-widget elementor-widget-heading\" data-id=\"cd4d162\" data-element_type=\"widget\" data-widget_type=\"heading.default\">\n\t\t\t\t<div class=\"elementor-widget-container\">\n\t\t\t<h2 class=\"elementor-heading-title elementor-size-default\">Unterkunft<\/h2>\t\t<\/div>\n\t\t\t\t<\/div>\n\t\t\t\t<div class=\"elementor-element elementor-element-4f8a19b elementor-widget elementor-widget-text-editor\" data-id=\"4f8a19b\" data-element_type=\"widget\" data-widget_type=\"text-editor.default\">\n\t\t\t\t<div class=\"elementor-widget-container\">\n\t\t\t\t\t\t\t<p>Die Website dreaming-places.fr wird in einer von Arthur Guilet entwickelten Infrastruktur gehostet, die sich auf den Servern von OVH - https:\/\/www.ovhcloud.com\/fr\/ befindet.<\/p><p>Die Speicherung der personenbezogenen Daten der Nutzer erfolgt ausschlie\u00dflich in den Rechenzentren (\"Cluster\") von OVH, die sich in den Mitgliedstaaten der Europ\u00e4ischen Union befinden.<\/p>\t\t\t\t\t\t<\/div>\n\t\t\t\t<\/div>\n\t\t\t\t\t<\/div>\n\t\t\t\t<\/div>\n\t\t\t\t\t<\/div>\n\t\t\t\t<\/div>\n\t\t<div class=\"elementor-element elementor-element-b49bf6d e-flex e-con-boxed e-con e-parent\" data-id=\"b49bf6d\" data-element_type=\"container\" data-settings=\"{&quot;content_width&quot;:&quot;boxed&quot;}\" data-core-v316-plus=\"true\">\n\t\t\t\t\t<div class=\"e-con-inner\">\n\t\t<div class=\"elementor-element elementor-element-addecd7 e-flex e-con-boxed e-con e-child\" data-id=\"addecd7\" data-element_type=\"container\" data-settings=\"{&quot;content_width&quot;:&quot;boxed&quot;}\">\n\t\t\t\t\t<div class=\"e-con-inner\">\n\t\t\t\t<div class=\"elementor-element elementor-element-a8ea322 elementor-widget elementor-widget-heading\" data-id=\"a8ea322\" data-element_type=\"widget\" data-widget_type=\"heading.default\">\n\t\t\t\t<div class=\"elementor-widget-container\">\n\t\t\t<h2 class=\"elementor-heading-title elementor-size-default\">CNIL<\/h2>\t\t<\/div>\n\t\t\t\t<\/div>\n\t\t\t\t<div class=\"elementor-element elementor-element-2e6ff84 elementor-widget elementor-widget-text-editor\" data-id=\"2e6ff84\" data-element_type=\"widget\" data-widget_type=\"text-editor.default\">\n\t\t\t\t<div class=\"elementor-widget-container\">\n\t\t\t\t\t\t\t<p>Gem\u00e4\u00df den Bestimmungen des ge\u00e4nderten Gesetzes 78-17 vom 6. Januar 1978 hat der Nutzer das Recht, auf die von Dreaming Places gesammelten Daten zuzugreifen, sie zu \u00e4ndern und zu l\u00f6schen. Um dieses Recht auszu\u00fcben, muss der Nutzer eine Nachricht an die folgende Adresse senden:<\/p><p><span id=\"cloakfaa15b74c7fb9e5c55a4ea2aa87188ac\"><a href=\"mailto:contact@dreaming-places.fr\">contact@dreaming-places.fr<\/a><\/span><\/p>\t\t\t\t\t\t<\/div>\n\t\t\t\t<\/div>\n\t\t\t\t\t<\/div>\n\t\t\t\t<\/div>\n\t\t\t\t\t<\/div>\n\t\t\t\t<\/div>\n\t\t\t\t\t\t\t<\/div>","protected":false},"excerpt":{"rendered":"<p>Identit\u00e4t des Unternehmens Die Einheit Dreaming Places, SARL mit einem Kapital von 10 000 Euro mit Sitz in 10 impasse des Dunes, 29680 Roscoff. Siret n\u00b0 750 144 727 00021 TVA intracom n\u00b0 FR 49 750 144 727 Contact: contact@dreaming-places.fr +33 (0)6 79 94 81 38 Inhaber der Carte Professionnelle CPI 2902 2018 000 025 098 [...].<\/p>","protected":false},"author":1,"featured_media":0,"parent":0,"menu_order":0,"comment_status":"closed","ping_status":"closed","template":"elementor_header_footer","meta":{"footnotes":""},"folder":[],"yoast_head":"<!-- This site is optimized with the Yoast SEO plugin v21.6 - https:\/\/yoast.com\/wordpress\/plugins\/seo\/ -->\n<title>Mentions l\u00e9gales - Dreaming Places<\/title>\n<meta name=\"robots\" content=\"index, follow, max-snippet:-1, max-image-preview:large, max-video-preview:-1\" \/>\n<link rel=\"canonical\" href=\"https:\/\/dreaming-places.fr\/de\/rechtliche-hinweise\/\" \/>\n<meta property=\"og:locale\" content=\"de_DE\" \/>\n<meta property=\"og:type\" content=\"article\" \/>\n<meta property=\"og:title\" content=\"Mentions l\u00e9gales - Dreaming Places\" \/>\n<meta property=\"og:description\" content=\"Identit\u00e9 de l&rsquo;entreprise L&rsquo;entit\u00e9 Dreaming Places, SARL au capital de 10 000 euros situ\u00e9 au 10 impasse des Dunes, 29680 Roscoff. Siret n\u00b0 750 144 727 00021 TVA intracom n\u00b0 FR 49 750 144 727 Contact : contact@dreaming-places.fr +33 (0)6 79 94 81 38 Titulaire de la carte Professionnelle CPI 2902 2018 000 025 098 [&hellip;]\" \/>\n<meta property=\"og:url\" content=\"https:\/\/dreaming-places.fr\/de\/rechtliche-hinweise\/\" \/>\n<meta property=\"og:site_name\" content=\"Dreaming Places\" \/>\n<meta property=\"article:publisher\" content=\"https:\/\/www.facebook.com\/people\/Dreaming-Places\/100007864324742\" \/>\n<meta property=\"article:modified_time\" content=\"2024-01-24T11:07:39+00:00\" \/>\n<meta property=\"og:image\" content=\"https:\/\/dreaming-places.fr\/app\/uploads\/2023\/10\/LogoDP.png\" \/>\n\t<meta property=\"og:image:width\" content=\"330\" \/>\n\t<meta property=\"og:image:height\" content=\"96\" \/>\n\t<meta property=\"og:image:type\" content=\"image\/png\" \/>\n<meta name=\"twitter:card\" content=\"summary_large_image\" \/>\n<meta name=\"twitter:label1\" content=\"Est. reading time\" \/>\n\t<meta name=\"twitter:data1\" content=\"2 Minuten\" \/>\n<script type=\"application\/ld+json\" class=\"yoast-schema-graph\">{\"@context\":\"https:\/\/schema.org\",\"@graph\":[{\"@type\":\"WebPage\",\"@id\":\"https:\/\/dreaming-places.fr\/mentions-legales\/\",\"url\":\"https:\/\/dreaming-places.fr\/mentions-legales\/\",\"name\":\"Mentions l\u00e9gales - Dreaming Places\",\"isPartOf\":{\"@id\":\"https:\/\/dreaming-places.fr\/#website\"},\"datePublished\":\"2023-12-07T20:41:24+00:00\",\"dateModified\":\"2024-01-24T11:07:39+00:00\",\"breadcrumb\":{\"@id\":\"https:\/\/dreaming-places.fr\/mentions-legales\/#breadcrumb\"},\"inLanguage\":\"de-DE\",\"potentialAction\":[{\"@type\":\"ReadAction\",\"target\":[\"https:\/\/dreaming-places.fr\/mentions-legales\/\"]}]},{\"@type\":\"BreadcrumbList\",\"@id\":\"https:\/\/dreaming-places.fr\/mentions-legales\/#breadcrumb\",\"itemListElement\":[{\"@type\":\"ListItem\",\"position\":1,\"name\":\"Home\",\"item\":\"https:\/\/dreaming-places.fr\/\"},{\"@type\":\"ListItem\",\"position\":2,\"name\":\"Mentions l\u00e9gales\"}]},{\"@type\":\"WebSite\",\"@id\":\"https:\/\/dreaming-places.fr\/#website\",\"url\":\"https:\/\/dreaming-places.fr\/\",\"name\":\"Dreaming Places\",\"description\":\"Dreaming places vous permet de passer des vacances de r\u00eave, gr\u00e2ce \u00e0 la location de somptueuses villas de luxe de particuliers.\",\"publisher\":{\"@id\":\"https:\/\/dreaming-places.fr\/#organization\"},\"potentialAction\":[{\"@type\":\"SearchAction\",\"target\":{\"@type\":\"EntryPoint\",\"urlTemplate\":\"https:\/\/dreaming-places.fr\/?s={search_term_string}\"},\"query-input\":\"required name=search_term_string\"}],\"inLanguage\":\"de-DE\"},{\"@type\":\"Organization\",\"@id\":\"https:\/\/dreaming-places.fr\/#organization\",\"name\":\"Dreaming Places\",\"url\":\"https:\/\/dreaming-places.fr\/\",\"logo\":{\"@type\":\"ImageObject\",\"inLanguage\":\"de-DE\",\"@id\":\"https:\/\/dreaming-places.fr\/#\/schema\/logo\/image\/\",\"url\":\"https:\/\/dreaming-places.fr\/app\/uploads\/2023\/11\/favicondp.png\",\"contentUrl\":\"https:\/\/dreaming-places.fr\/app\/uploads\/2023\/11\/favicondp.png\",\"width\":300,\"height\":300,\"caption\":\"Dreaming Places\"},\"image\":{\"@id\":\"https:\/\/dreaming-places.fr\/#\/schema\/logo\/image\/\"},\"sameAs\":[\"https:\/\/www.facebook.com\/people\/Dreaming-Places\/100007864324742\",\"https:\/\/www.youtube.com\/channel\/UCYA9FYTaM5IBNC8PX1IaJJQ#\"]}]}<\/script>\n<!-- \/ Yoast SEO plugin. -->","yoast_head_json":{"title":"Mentions l\u00e9gales - Dreaming Places","robots":{"index":"index","follow":"follow","max-snippet":"max-snippet:-1","max-image-preview":"max-image-preview:large","max-video-preview":"max-video-preview:-1"},"canonical":"https:\/\/dreaming-places.fr\/de\/rechtliche-hinweise\/","og_locale":"de_DE","og_type":"article","og_title":"Mentions l\u00e9gales - Dreaming Places","og_description":"Identit\u00e9 de l&rsquo;entreprise L&rsquo;entit\u00e9 Dreaming Places, SARL au capital de 10 000 euros situ\u00e9 au 10 impasse des Dunes, 29680 Roscoff. Siret n\u00b0 750 144 727 00021 TVA intracom n\u00b0 FR 49 750 144 727 Contact : contact@dreaming-places.fr +33 (0)6 79 94 81 38 Titulaire de la carte Professionnelle CPI 2902 2018 000 025 098 [&hellip;]","og_url":"https:\/\/dreaming-places.fr\/de\/rechtliche-hinweise\/","og_site_name":"Dreaming Places","article_publisher":"https:\/\/www.facebook.com\/people\/Dreaming-Places\/100007864324742","article_modified_time":"2024-01-24T11:07:39+00:00","og_image":[{"width":330,"height":96,"url":"https:\/\/dreaming-places.fr\/app\/uploads\/2023\/10\/LogoDP.png","type":"image\/png"}],"twitter_card":"summary_large_image","twitter_misc":{"Est. reading time":"2 Minuten"},"schema":{"@context":"https:\/\/schema.org","@graph":[{"@type":"WebPage","@id":"https:\/\/dreaming-places.fr\/mentions-legales\/","url":"https:\/\/dreaming-places.fr\/mentions-legales\/","name":"Mentions l\u00e9gales - Dreaming Places","isPartOf":{"@id":"https:\/\/dreaming-places.fr\/#website"},"datePublished":"2023-12-07T20:41:24+00:00","dateModified":"2024-01-24T11:07:39+00:00","breadcrumb":{"@id":"https:\/\/dreaming-places.fr\/mentions-legales\/#breadcrumb"},"inLanguage":"de-DE","potentialAction":[{"@type":"ReadAction","target":["https:\/\/dreaming-places.fr\/mentions-legales\/"]}]},{"@type":"BreadcrumbList","@id":"https:\/\/dreaming-places.fr\/mentions-legales\/#breadcrumb","itemListElement":[{"@type":"ListItem","position":1,"name":"Home","item":"https:\/\/dreaming-places.fr\/"},{"@type":"ListItem","position":2,"name":"Mentions l\u00e9gales"}]},{"@type":"WebSite","@id":"https:\/\/dreaming-places.fr\/#website","url":"https:\/\/dreaming-places.fr\/","name":"Dreaming Places","description":"Dreaming places vous permet de passer des vacances de r\u00eave, gr\u00e2ce \u00e0 la location de somptueuses villas de luxe de particuliers.","publisher":{"@id":"https:\/\/dreaming-places.fr\/#organization"},"potentialAction":[{"@type":"SearchAction","target":{"@type":"EntryPoint","urlTemplate":"https:\/\/dreaming-places.fr\/?s={search_term_string}"},"query-input":"required name=search_term_string"}],"inLanguage":"de-DE"},{"@type":"Organization","@id":"https:\/\/dreaming-places.fr\/#organization","name":"Dreaming Places","url":"https:\/\/dreaming-places.fr\/","logo":{"@type":"ImageObject","inLanguage":"de-DE","@id":"https:\/\/dreaming-places.fr\/#\/schema\/logo\/image\/","url":"https:\/\/dreaming-places.fr\/app\/uploads\/2023\/11\/favicondp.png","contentUrl":"https:\/\/dreaming-places.fr\/app\/uploads\/2023\/11\/favicondp.png","width":300,"height":300,"caption":"Dreaming Places"},"image":{"@id":"https:\/\/dreaming-places.fr\/#\/schema\/logo\/image\/"},"sameAs":["https:\/\/www.facebook.com\/people\/Dreaming-Places\/100007864324742","https:\/\/www.youtube.com\/channel\/UCYA9FYTaM5IBNC8PX1IaJJQ#"]}]}},"_links":{"self":[{"href":"https:\/\/dreaming-places.fr\/de\/wp-json\/wp\/v2\/pages\/3780"}],"collection":[{"href":"https:\/\/dreaming-places.fr\/de\/wp-json\/wp\/v2\/pages"}],"about":[{"href":"https:\/\/dreaming-places.fr\/de\/wp-json\/wp\/v2\/types\/page"}],"author":[{"embeddable":true,"href":"https:\/\/dreaming-places.fr\/de\/wp-json\/wp\/v2\/users\/1"}],"replies":[{"embeddable":true,"href":"https:\/\/dreaming-places.fr\/de\/wp-json\/wp\/v2\/comments?post=3780"}],"version-history":[{"count":11,"href":"https:\/\/dreaming-places.fr\/de\/wp-json\/wp\/v2\/pages\/3780\/revisions"}],"predecessor-version":[{"id":4414,"href":"https:\/\/dreaming-places.fr\/de\/wp-json\/wp\/v2\/pages\/3780\/revisions\/4414"}],"wp:attachment":[{"href":"https:\/\/dreaming-places.fr\/de\/wp-json\/wp\/v2\/media?parent=3780"}],"wp:term":[{"taxonomy":"folder","embeddable":true,"href":"https:\/\/dreaming-places.fr\/de\/wp-json\/wp\/v2\/folder?post=3780"}],"curies":[{"name":"wp","href":"https:\/\/api.w.org\/{rel}","templated":true}]}}