{"id":2840,"date":"2023-10-20T20:11:33","date_gmt":"2023-10-20T20:11:33","guid":{"rendered":"https:\/\/dev.arthur-guilet.fr\/?page_id=2840"},"modified":"2023-12-29T10:00:06","modified_gmt":"2023-12-29T10:00:06","slug":"locataire","status":"publish","type":"page","link":"https:\/\/dreaming-places.fr\/en\/tenant\/","title":{"rendered":"Tenant"},"content":{"rendered":"<div data-elementor-type=\"wp-post\" data-elementor-id=\"2840\" class=\"elementor elementor-2840\">\n\t\t\t\t\t\t\t\t\t<section class=\"elementor-section elementor-top-section elementor-element elementor-element-cc284a1 elementor-section-boxed elementor-section-height-default elementor-section-height-default elementor-invisible\" data-id=\"cc284a1\" data-element_type=\"section\" data-settings=\"{&quot;animation&quot;:&quot;fadeIn&quot;}\">\n\t\t\t\t\t\t<div class=\"elementor-container elementor-column-gap-default\">\n\t\t\t\t\t<div class=\"elementor-column elementor-col-100 elementor-top-column elementor-element elementor-element-00f0c9e\" data-id=\"00f0c9e\" data-element_type=\"column\">\n\t\t\t<div class=\"elementor-widget-wrap elementor-element-populated\">\n\t\t\t\t\t\t\t\t<div class=\"elementor-element elementor-element-26525ad elementor-hidden-mobile elementor-widget elementor-widget-houzez_elementor_space\" data-id=\"26525ad\" data-element_type=\"widget\" data-widget_type=\"houzez_elementor_space.default\">\n\t\t\t\t<div class=\"elementor-widget-container\">\n\t\t\t        <div class=\"houzez-spacer\">\n            <div class=\"houzez-spacer-inner\"><\/div>\n        <\/div>\n        \t\t<\/div>\n\t\t\t\t<\/div>\n\t\t\t\t<div class=\"elementor-element elementor-element-a31fd8d elementor-widget elementor-widget-text-editor\" data-id=\"a31fd8d\" data-element_type=\"widget\" data-widget_type=\"text-editor.default\">\n\t\t\t\t<div class=\"elementor-widget-container\">\n\t\t\t\t\t\t\t<div id=\"column-wrap-id-1586180754896\" class=\"sppb-col-md-6\"><div id=\"column-id-1586180754896\" class=\"sppb-column\"><div class=\"sppb-column-addons\"><div id=\"sppb-addon-wrapper-1586180754904\" class=\"sppb-addon-wrapper\"><div id=\"sppb-addon-1586180754904\" class=\"clearfix\"><div class=\"sppb-addon sppb-addon-text-block\"><div class=\"sppb-addon-content\"><p>Does one of our residences appeal to you? Do you like to get away with friends or family? Share a special moment! Dare to experience luxury at a shared price.<\/p><p>Prefer to go with a small group? Let us help you get started.<\/p><p>What if you could finally go on vacation with your loved ones? Get a change of scenery, make the most of your vacation and enjoy every moment. In our residences, you can recharge your batteries as a family, with friends or just as a couple, for moments of relaxation and happiness that you won't soon forget. With majestic landscapes and locations, fun and sporting activities, you'll definitely want to come back again and again to enjoy these magical moments.<\/p><p>Let us surprise you, you won't believe it, and you'll be back.<\/p><p>Visit us from time to time to preview our new villas. Don't hesitate to sign up for our newsletter. See you soon for your dream vacation.<\/p><\/div><\/div><\/div><\/div><\/div><\/div><\/div>\t\t\t\t\t\t<\/div>\n\t\t\t\t<\/div>\n\t\t\t\t\t<\/div>\n\t\t<\/div>\n\t\t\t\t\t\t\t<\/div>\n\t\t<\/section>\n\t\t\t\t<section class=\"elementor-section elementor-top-section elementor-element elementor-element-2257cc9 elementor-section-boxed elementor-section-height-default elementor-section-height-default elementor-invisible\" data-id=\"2257cc9\" data-element_type=\"section\" data-settings=\"{&quot;animation&quot;:&quot;fadeIn&quot;}\">\n\t\t\t\t\t\t<div class=\"elementor-container elementor-column-gap-default\">\n\t\t\t\t\t<div class=\"elementor-column elementor-col-100 elementor-top-column elementor-element elementor-element-5d09643\" data-id=\"5d09643\" data-element_type=\"column\">\n\t\t\t<div class=\"elementor-widget-wrap elementor-element-populated\">\n\t\t\t\t\t\t\t\t<div class=\"elementor-element elementor-element-a61eb9b elementor-widget-divider--view-line elementor-widget elementor-widget-divider\" data-id=\"a61eb9b\" data-element_type=\"widget\" data-widget_type=\"divider.default\">\n\t\t\t\t<div class=\"elementor-widget-container\">\n\t\t\t\t\t<div class=\"elementor-divider\">\n\t\t\t<span class=\"elementor-divider-separator\">\n\t\t\t\t\t\t<\/span>\n\t\t<\/div>\n\t\t\t\t<\/div>\n\t\t\t\t<\/div>\n\t\t\t\t\t<\/div>\n\t\t<\/div>\n\t\t\t\t\t\t\t<\/div>\n\t\t<\/section>\n\t\t\t\t<section class=\"elementor-section elementor-top-section elementor-element elementor-element-f1350c3 elementor-section-boxed elementor-section-height-default elementor-section-height-default\" data-id=\"f1350c3\" data-element_type=\"section\">\n\t\t\t\t\t\t<div class=\"elementor-container elementor-column-gap-default\">\n\t\t\t\t\t<div class=\"elementor-column elementor-col-100 elementor-top-column elementor-element elementor-element-846e239\" data-id=\"846e239\" data-element_type=\"column\">\n\t\t\t<div class=\"elementor-widget-wrap elementor-element-populated\">\n\t\t\t\t\t\t\t\t<div class=\"elementor-element elementor-element-d39e6ea elementor-widget elementor-widget-heading\" data-id=\"d39e6ea\" data-element_type=\"widget\" data-widget_type=\"heading.default\">\n\t\t\t\t<div class=\"elementor-widget-container\">\n\t\t\t<h2 class=\"elementor-heading-title elementor-size-default\">Our commitments<\/h2>\t\t<\/div>\n\t\t\t\t<\/div>\n\t\t\t\t\t<\/div>\n\t\t<\/div>\n\t\t\t\t\t\t\t<\/div>\n\t\t<\/section>\n\t\t\t\t<section class=\"elementor-section elementor-top-section elementor-element elementor-element-80b7056 elementor-section-stretched elementor-section-boxed elementor-section-height-default elementor-section-height-default elementor-invisible\" data-id=\"80b7056\" data-element_type=\"section\" data-settings=\"{&quot;stretch_section&quot;:&quot;section-stretched&quot;,&quot;background_background&quot;:&quot;classic&quot;,&quot;animation&quot;:&quot;fadeIn&quot;}\">\n\t\t\t\t\t\t<div class=\"elementor-container elementor-column-gap-default\">\n\t\t\t\t\t<div class=\"elementor-column elementor-col-100 elementor-top-column elementor-element elementor-element-7f542af\" data-id=\"7f542af\" data-element_type=\"column\">\n\t\t\t<div class=\"elementor-widget-wrap elementor-element-populated\">\n\t\t\t\t\t\t\t\t<div class=\"elementor-element elementor-element-794ca10 elementor-widget elementor-widget-houzez_elementor_icon_box\" data-id=\"794ca10\" data-element_type=\"widget\" id=\"boxes\" data-widget_type=\"houzez_elementor_icon_box.default\">\n\t\t\t\t<div class=\"elementor-widget-container\">\n\t\t\t\n        <div class=\"text-with-icons-module module-3cols clearfix\">\n            \n                        <div class=\"text-with-icon-item text-with-icon-item-v1\">\n                            <div class=\"icon-thumb\">\n            \n                                <img loading=\"lazy\" width=\"50\" height=\"50\" src=\"https:\/\/dreaming-places.fr\/app\/uploads\/2016\/10\/icon-8.png\" class=\"attachment-thumbnail size-thumbnail\" alt=\"\" decoding=\"async\" \/>                            <\/div><!-- icon-thumb -->\n                            <div class=\"text-with-icon-info\">\n                                <div class=\"text-with-icon-title\">\n                                    <strong>Offering quality rentals<\/strong>\n                                <\/div><!-- text-with-icon-title -->\n                                <div class=\"text-with-icon-body\">\n                                    Dreaming Places is committed to offering you only quality rentals.\n\n\n                                <\/div><!-- text-with-icon-body -->\n                            <\/div><!-- text-with-icon-info -->\n\n                                                            <div class=\"text-with-icon-link\">\n                                <a href=\"#\"  ><\/a>\n                                <\/div>\n                            \n                        <\/div><!-- text-with-icon-item  -->\n                    \n                        <div class=\"text-with-icon-item text-with-icon-item-v1\">\n                            <div class=\"icon-thumb\">\n            \n                                <img loading=\"lazy\" width=\"50\" height=\"46\" src=\"https:\/\/dreaming-places.fr\/app\/uploads\/2016\/10\/icon-4.png\" class=\"attachment-thumbnail size-thumbnail\" alt=\"\" decoding=\"async\" \/>                            <\/div><!-- icon-thumb -->\n                            <div class=\"text-with-icon-info\">\n                                <div class=\"text-with-icon-title\">\n                                    <strong>Optimization<\/strong>\n                                <\/div><!-- text-with-icon-title -->\n                                <div class=\"text-with-icon-body\">\n                                    Dreaming Places is with you every step of the way, before, during and after your stay.                                <\/div><!-- text-with-icon-body -->\n                            <\/div><!-- text-with-icon-info -->\n\n                                                            <div class=\"text-with-icon-link\">\n                                <a href=\"#\"  ><\/a>\n                                <\/div>\n                            \n                        <\/div><!-- text-with-icon-item  -->\n                    \n                        <div class=\"text-with-icon-item text-with-icon-item-v1\">\n                            <div class=\"icon-thumb\">\n            \n                                                                            \n                                            <div class=\"houzez-icon\">\n                                                <i aria-hidden=\"true\" class=\"fas fa-phone-alt\"><\/i>                                            <\/div>\n\n                                                                    <\/div><!-- icon-thumb -->\n                            <div class=\"text-with-icon-info\">\n                                <div class=\"text-with-icon-title\">\n                                    <strong>Assistance<\/strong>\n                                <\/div><!-- text-with-icon-title -->\n                                <div class=\"text-with-icon-body\">\n                                    Dreaming Places is committed to answering your questions as quickly as possible (within 24 hours).                                <\/div><!-- text-with-icon-body -->\n                            <\/div><!-- text-with-icon-info -->\n\n                                                            <div class=\"text-with-icon-link\">\n                                <a href=\"#\"  ><\/a>\n                                <\/div>\n                            \n                        <\/div><!-- text-with-icon-item  -->\n                            <\/div>\n    \t\t<\/div>\n\t\t\t\t<\/div>\n\t\t\t\t\t<\/div>\n\t\t<\/div>\n\t\t\t\t\t\t\t<\/div>\n\t\t<\/section>\n\t\t\t\t<section class=\"elementor-section elementor-top-section elementor-element elementor-element-b33f4f1 elementor-section-boxed elementor-section-height-default elementor-section-height-default\" data-id=\"b33f4f1\" data-element_type=\"section\">\n\t\t\t\t\t\t<div class=\"elementor-container elementor-column-gap-default\">\n\t\t\t\t\t<div class=\"elementor-column elementor-col-100 elementor-top-column elementor-element elementor-element-b88b8f3\" data-id=\"b88b8f3\" data-element_type=\"column\">\n\t\t\t<div class=\"elementor-widget-wrap elementor-element-populated\">\n\t\t\t\t\t\t\t\t<div class=\"elementor-element elementor-element-2e92644 elementor-widget elementor-widget-houzez_elementor_space\" data-id=\"2e92644\" data-element_type=\"widget\" data-widget_type=\"houzez_elementor_space.default\">\n\t\t\t\t<div class=\"elementor-widget-container\">\n\t\t\t        <div class=\"houzez-spacer\">\n            <div class=\"houzez-spacer-inner\"><\/div>\n        <\/div>\n        \t\t<\/div>\n\t\t\t\t<\/div>\n\t\t\t\t<div class=\"elementor-element elementor-element-53c5233 elementor-widget elementor-widget-heading\" data-id=\"53c5233\" data-element_type=\"widget\" data-widget_type=\"heading.default\">\n\t\t\t\t<div class=\"elementor-widget-container\">\n\t\t\t<h2 class=\"elementor-heading-title elementor-size-default\">Information<\/h2>\t\t<\/div>\n\t\t\t\t<\/div>\n\t\t\t\t\t<\/div>\n\t\t<\/div>\n\t\t\t\t\t\t\t<\/div>\n\t\t<\/section>\n\t\t<div class=\"elementor-element elementor-element-ca9b19b e-flex e-con-boxed e-con e-parent\" data-id=\"ca9b19b\" data-element_type=\"container\" data-settings=\"{&quot;content_width&quot;:&quot;boxed&quot;}\" data-core-v316-plus=\"true\">\n\t\t\t\t\t<div class=\"e-con-inner\">\n\t\t\t\t<div class=\"elementor-element elementor-element-e192304 elementor-button-align-stretch elementor-widget elementor-widget-houzez_elementor_contact_form\" data-id=\"e192304\" data-element_type=\"widget\" data-widget_type=\"houzez_elementor_contact_form.default\">\n\t\t\t\t<div class=\"elementor-widget-container\">\n\t\t\t\n        <script type=\"application\/javascript\">\n            jQuery(document).bind(\"ready\", function () {\n                houzezValidateElementor(\"#houzez-form-e192304\" );\n            });\n        <\/script>\n\n        <form class=\"elementor-form\" id=\"houzez-form-e192304\" method=\"post\" name=\"New Form\" action=\"https:\/\/dreaming-places.fr\/wp\/wp-admin\/admin-ajax.php\">\n            <input type=\"hidden\" name=\"form_id\" value=\"e192304\"\/>\n            <input type=\"hidden\" name=\"houzez_contact_form\" value=\"yes\"\/>\n            <input type=\"hidden\" name=\"action\" value=\"houzez_ele_contact_form\" \/>\n            <input type=\"hidden\" name=\"source_link\" value=\"https:\/\/dreaming-places.fr\/en\/tenant\/\" \/>\n            <input type=\"hidden\" name=\"lead_page_id\" value=\"2840\" \/>\n            <input type=\"hidden\" name=\"email_to\" value=\"hello@favethemes.com\" \/>\n            <input type=\"hidden\" name=\"email_subject\" value=\"Nouveau message sur &quot;Dreaming Places - Votre agence de viilas haut-de-gamme&quot;\" \/>\n            <input type=\"hidden\" name=\"email_to_cc\" value=\"\" \/>\n            <input type=\"hidden\" name=\"email_to_bcc\" value=\"\" \/>\n            <input type=\"hidden\" name=\"webhook\" value=\"\" \/>\n            <input type=\"hidden\" name=\"webhook_url\" value=\"\" \/>\n            <input type=\"hidden\" name=\"redirect_to\" value=\"\" \/>\n            <input type=\"hidden\" name=\"google_recaptcha\" value=\"\" \/>\n            \n\n            <div class=\"elementor-form-fields-wrapper elementor-labels-above\">\n\n                                    <div class=\"elementor-field-group elementor-column form-group elementor-field-group-name elementor-col-50\">\n                    <label for=\"form-field-name\" class=\"elementor-field-label\">First name<\/label><input type=\"text\" name=\"first_name\" id=\"form-field-name\" class=\"elementor-field form-control elementor-size-sm elementor-field-textual\" placeholder=\"First name\" title=\"* First name\">                    <\/div>\n\n                                        <div class=\"elementor-field-group elementor-column form-group elementor-field-group-2235640 elementor-col-50 elementor-field-required elementor-mark-required\">\n                    <label for=\"form-field-2235640\" class=\"elementor-field-label\">Name<\/label><input type=\"text\" name=\"first_name\" id=\"form-field-2235640\" class=\"elementor-field form-control elementor-size-sm elementor-field-textual\" placeholder=\"Name\" title=\"* Name\" required=\"required\">                    <\/div>\n\n                                        <div class=\"elementor-field-group elementor-column form-group elementor-field-group-email elementor-col-100 elementor-field-required elementor-mark-required\">\n                    <label for=\"form-field-email\" class=\"elementor-field-label\">Email<\/label><input type=\"email\" name=\"email\" id=\"form-field-email\" class=\"elementor-field form-control elementor-size-sm elementor-field-textual\" placeholder=\"Email\" title=\"* Email\" required=\"required\">                    <\/div>\n\n                                        <div class=\"elementor-field-group elementor-column form-group elementor-field-group-fcdb575 elementor-col-100\">\n                    <label for=\"form-field-fcdb575\" class=\"elementor-field-label\">Phone<\/label><input type=\"text\" name=\"mobile\" id=\"form-field-fcdb575\" class=\"elementor-field form-control elementor-size-sm elementor-field-textual\" placeholder=\"Phone\" title=\"* Telephone\">                    <\/div>\n\n                                        <div class=\"elementor-field-group elementor-column form-group elementor-field-group-message elementor-col-100 elementor-field-required elementor-mark-required\">\n                    <label for=\"form-field-message\" class=\"elementor-field-label\">Message<\/label><textarea class=\"elementor-field-textual elementor-field elementor-size-sm\" name=\"message\" id=\"form-field-message\" rows=\"4\" placeholder=\"Message\" required=\"required\" title=\"* Message\"><\/textarea>                    <\/div>\n\n                    \n                                        <div class=\"houzez-gdpr-agreement elementor-field-group elementor-col-100\">\n                        <label for=\"gdpr_agreement\" class=\"elementor-field-label\"><\/label>\n                        <div class=\"gdpr-agreement-subgroup\">\n                            <span class=\"gdpr-field-option\">\n                                <label class=\"gdpr-text\" for=\"gdpr_agreement\">\n                                    <input required type=\"checkbox\" name=\"gdpr_agreement\" id=\"gdpr_agreement\" title=\"* \">  By filling in this form you agree to our privacy policy, which states that your personal information will only be used within our company, for the time necessary to process your request, and can be deleted upon simple request by email on your part.                                 <\/label>\n                            <\/span>\n                        <\/div>             \n                    <\/div>\n                    \n                    \n                    <div class=\"elementor-field-group elementor-column elementor-field-type-submit elementor-col-100\">\n                    <button type=\"submit\" class=\"btn houzez-submit-button houzez-contact-form-js elementor-button elementor-size-sm\">\n                        <i class=\"btn-loader houzez-loader-js\"><\/i>\n                                                    Send                                            <\/button>\n                <\/div>\n            <\/div><!-- End wrapper-->\n            <br\/>\n            <div class=\"ele-form-messages\"><\/div>\n            <div class=\"error-container\"><\/div>\n\n        <\/form>\n\n    \t\t<\/div>\n\t\t\t\t<\/div>\n\t\t\t\t\t<\/div>\n\t\t\t\t<\/div>\n\t\t\t\t\t\t\t<\/div>","protected":false},"excerpt":{"rendered":"<p>Does one of our residences appeal to you? Do you like to get away with friends or family? Share a special moment! Dare to experience luxury at a shared price. Prefer to go with a small group? Let us help you get started. What if you could finally go on vacation with your loved ones? Get a change of scenery, optimize your [...]<\/p>","protected":false},"author":1,"featured_media":0,"parent":0,"menu_order":0,"comment_status":"closed","ping_status":"closed","template":"elementor_header_footer","meta":{"footnotes":""},"folder":[],"yoast_head":"<!-- This site is optimized with the Yoast SEO plugin v21.6 - https:\/\/yoast.com\/wordpress\/plugins\/seo\/ -->\n<title>Locataire - Dreaming Places<\/title>\n<meta name=\"robots\" content=\"index, follow, max-snippet:-1, max-image-preview:large, max-video-preview:-1\" \/>\n<link rel=\"canonical\" href=\"https:\/\/dreaming-places.fr\/en\/tenant\/\" \/>\n<meta property=\"og:locale\" content=\"en_US\" \/>\n<meta property=\"og:type\" content=\"article\" \/>\n<meta property=\"og:title\" content=\"Locataire - Dreaming Places\" \/>\n<meta property=\"og:description\" content=\"Une de nos r\u00e9sidences vous fait r\u00eaver ? Vous aimez partir entre amis ou en famille ? Partagez un moment privil\u00e9gi\u00e9! Osez le luxe \u00e0 prix partag\u00e9. Vous pr\u00e9f\u00e9rez partir en petit comit\u00e9 ? Laissez-vous guider, les vacances commencent. Et si vous partiez enfin en vacances avec ceux que vous aimez? Changez d&rsquo;air, optimisez vos [&hellip;]\" \/>\n<meta property=\"og:url\" content=\"https:\/\/dreaming-places.fr\/en\/tenant\/\" \/>\n<meta property=\"og:site_name\" content=\"Dreaming Places\" \/>\n<meta property=\"article:publisher\" content=\"https:\/\/www.facebook.com\/people\/Dreaming-Places\/100007864324742\" \/>\n<meta property=\"article:modified_time\" content=\"2023-12-29T10:00:06+00:00\" \/>\n<meta property=\"og:image\" content=\"https:\/\/dreaming-places.fr\/app\/uploads\/2016\/10\/icon-8.png\" \/>\n<meta name=\"twitter:card\" content=\"summary_large_image\" \/>\n<meta name=\"twitter:label1\" content=\"Est. reading time\" \/>\n\t<meta name=\"twitter:data1\" content=\"2 minutes\" \/>\n<script type=\"application\/ld+json\" class=\"yoast-schema-graph\">{\"@context\":\"https:\/\/schema.org\",\"@graph\":[{\"@type\":\"WebPage\",\"@id\":\"https:\/\/dreaming-places.fr\/locataire\/\",\"url\":\"https:\/\/dreaming-places.fr\/locataire\/\",\"name\":\"Locataire - Dreaming Places\",\"isPartOf\":{\"@id\":\"https:\/\/dreaming-places.fr\/#website\"},\"datePublished\":\"2023-10-20T20:11:33+00:00\",\"dateModified\":\"2023-12-29T10:00:06+00:00\",\"breadcrumb\":{\"@id\":\"https:\/\/dreaming-places.fr\/locataire\/#breadcrumb\"},\"inLanguage\":\"en-US\",\"potentialAction\":[{\"@type\":\"ReadAction\",\"target\":[\"https:\/\/dreaming-places.fr\/locataire\/\"]}]},{\"@type\":\"BreadcrumbList\",\"@id\":\"https:\/\/dreaming-places.fr\/locataire\/#breadcrumb\",\"itemListElement\":[{\"@type\":\"ListItem\",\"position\":1,\"name\":\"Home\",\"item\":\"https:\/\/dreaming-places.fr\/\"},{\"@type\":\"ListItem\",\"position\":2,\"name\":\"Locataire\"}]},{\"@type\":\"WebSite\",\"@id\":\"https:\/\/dreaming-places.fr\/#website\",\"url\":\"https:\/\/dreaming-places.fr\/\",\"name\":\"Dreaming Places\",\"description\":\"Dreaming places vous permet de passer des vacances de r\u00eave, gr\u00e2ce \u00e0 la location de somptueuses villas de luxe de particuliers.\",\"publisher\":{\"@id\":\"https:\/\/dreaming-places.fr\/#organization\"},\"potentialAction\":[{\"@type\":\"SearchAction\",\"target\":{\"@type\":\"EntryPoint\",\"urlTemplate\":\"https:\/\/dreaming-places.fr\/?s={search_term_string}\"},\"query-input\":\"required name=search_term_string\"}],\"inLanguage\":\"en-US\"},{\"@type\":\"Organization\",\"@id\":\"https:\/\/dreaming-places.fr\/#organization\",\"name\":\"Dreaming Places\",\"url\":\"https:\/\/dreaming-places.fr\/\",\"logo\":{\"@type\":\"ImageObject\",\"inLanguage\":\"en-US\",\"@id\":\"https:\/\/dreaming-places.fr\/#\/schema\/logo\/image\/\",\"url\":\"https:\/\/dreaming-places.fr\/app\/uploads\/2023\/11\/favicondp.png\",\"contentUrl\":\"https:\/\/dreaming-places.fr\/app\/uploads\/2023\/11\/favicondp.png\",\"width\":300,\"height\":300,\"caption\":\"Dreaming Places\"},\"image\":{\"@id\":\"https:\/\/dreaming-places.fr\/#\/schema\/logo\/image\/\"},\"sameAs\":[\"https:\/\/www.facebook.com\/people\/Dreaming-Places\/100007864324742\",\"https:\/\/www.youtube.com\/channel\/UCYA9FYTaM5IBNC8PX1IaJJQ#\"]}]}<\/script>\n<!-- \/ Yoast SEO plugin. -->","yoast_head_json":{"title":"Locataire - Dreaming Places","robots":{"index":"index","follow":"follow","max-snippet":"max-snippet:-1","max-image-preview":"max-image-preview:large","max-video-preview":"max-video-preview:-1"},"canonical":"https:\/\/dreaming-places.fr\/en\/tenant\/","og_locale":"en_US","og_type":"article","og_title":"Locataire - Dreaming Places","og_description":"Une de nos r\u00e9sidences vous fait r\u00eaver ? Vous aimez partir entre amis ou en famille ? Partagez un moment privil\u00e9gi\u00e9! Osez le luxe \u00e0 prix partag\u00e9. Vous pr\u00e9f\u00e9rez partir en petit comit\u00e9 ? Laissez-vous guider, les vacances commencent. Et si vous partiez enfin en vacances avec ceux que vous aimez? Changez d&rsquo;air, optimisez vos [&hellip;]","og_url":"https:\/\/dreaming-places.fr\/en\/tenant\/","og_site_name":"Dreaming Places","article_publisher":"https:\/\/www.facebook.com\/people\/Dreaming-Places\/100007864324742","article_modified_time":"2023-12-29T10:00:06+00:00","og_image":[{"url":"https:\/\/dreaming-places.fr\/app\/uploads\/2016\/10\/icon-8.png"}],"twitter_card":"summary_large_image","twitter_misc":{"Est. reading time":"2 minutes"},"schema":{"@context":"https:\/\/schema.org","@graph":[{"@type":"WebPage","@id":"https:\/\/dreaming-places.fr\/locataire\/","url":"https:\/\/dreaming-places.fr\/locataire\/","name":"Locataire - Dreaming Places","isPartOf":{"@id":"https:\/\/dreaming-places.fr\/#website"},"datePublished":"2023-10-20T20:11:33+00:00","dateModified":"2023-12-29T10:00:06+00:00","breadcrumb":{"@id":"https:\/\/dreaming-places.fr\/locataire\/#breadcrumb"},"inLanguage":"en-US","potentialAction":[{"@type":"ReadAction","target":["https:\/\/dreaming-places.fr\/locataire\/"]}]},{"@type":"BreadcrumbList","@id":"https:\/\/dreaming-places.fr\/locataire\/#breadcrumb","itemListElement":[{"@type":"ListItem","position":1,"name":"Home","item":"https:\/\/dreaming-places.fr\/"},{"@type":"ListItem","position":2,"name":"Locataire"}]},{"@type":"WebSite","@id":"https:\/\/dreaming-places.fr\/#website","url":"https:\/\/dreaming-places.fr\/","name":"Dreaming Places","description":"Dreaming places vous permet de passer des vacances de r\u00eave, gr\u00e2ce \u00e0 la location de somptueuses villas de luxe de particuliers.","publisher":{"@id":"https:\/\/dreaming-places.fr\/#organization"},"potentialAction":[{"@type":"SearchAction","target":{"@type":"EntryPoint","urlTemplate":"https:\/\/dreaming-places.fr\/?s={search_term_string}"},"query-input":"required name=search_term_string"}],"inLanguage":"en-US"},{"@type":"Organization","@id":"https:\/\/dreaming-places.fr\/#organization","name":"Dreaming Places","url":"https:\/\/dreaming-places.fr\/","logo":{"@type":"ImageObject","inLanguage":"en-US","@id":"https:\/\/dreaming-places.fr\/#\/schema\/logo\/image\/","url":"https:\/\/dreaming-places.fr\/app\/uploads\/2023\/11\/favicondp.png","contentUrl":"https:\/\/dreaming-places.fr\/app\/uploads\/2023\/11\/favicondp.png","width":300,"height":300,"caption":"Dreaming Places"},"image":{"@id":"https:\/\/dreaming-places.fr\/#\/schema\/logo\/image\/"},"sameAs":["https:\/\/www.facebook.com\/people\/Dreaming-Places\/100007864324742","https:\/\/www.youtube.com\/channel\/UCYA9FYTaM5IBNC8PX1IaJJQ#"]}]}},"_links":{"self":[{"href":"https:\/\/dreaming-places.fr\/en\/wp-json\/wp\/v2\/pages\/2840"}],"collection":[{"href":"https:\/\/dreaming-places.fr\/en\/wp-json\/wp\/v2\/pages"}],"about":[{"href":"https:\/\/dreaming-places.fr\/en\/wp-json\/wp\/v2\/types\/page"}],"author":[{"embeddable":true,"href":"https:\/\/dreaming-places.fr\/en\/wp-json\/wp\/v2\/users\/1"}],"replies":[{"embeddable":true,"href":"https:\/\/dreaming-places.fr\/en\/wp-json\/wp\/v2\/comments?post=2840"}],"version-history":[{"count":47,"href":"https:\/\/dreaming-places.fr\/en\/wp-json\/wp\/v2\/pages\/2840\/revisions"}],"predecessor-version":[{"id":3894,"href":"https:\/\/dreaming-places.fr\/en\/wp-json\/wp\/v2\/pages\/2840\/revisions\/3894"}],"wp:attachment":[{"href":"https:\/\/dreaming-places.fr\/en\/wp-json\/wp\/v2\/media?parent=2840"}],"wp:term":[{"taxonomy":"folder","embeddable":true,"href":"https:\/\/dreaming-places.fr\/en\/wp-json\/wp\/v2\/folder?post=2840"}],"curies":[{"name":"wp","href":"https:\/\/api.w.org\/{rel}","templated":true}]}}